{"id":1732,"date":"2024-07-08T09:36:25","date_gmt":"2024-07-08T07:36:25","guid":{"rendered":"https:\/\/holiday-gran-canaria.instawp.xyz\/?page_id=1732"},"modified":"2024-07-08T09:39:27","modified_gmt":"2024-07-08T07:39:27","slug":"haftungsausschluss","status":"publish","type":"page","link":"https:\/\/holidayhomes-grancanaria.com\/de\/disclaimer\/","title":{"rendered":"Haftungsausschluss"},"content":{"rendered":"<div data-elementor-type=\"wp-page\" data-elementor-id=\"1732\" class=\"elementor elementor-1732\" data-elementor-post-type=\"page\">\n\t\t\t\t<div class=\"elementor-element elementor-element-c472af6 e-flex e-con-boxed e-con e-parent\" data-id=\"c472af6\" data-element_type=\"container\" data-e-type=\"container\">\n\t\t\t\t\t<div class=\"e-con-inner\">\n\t\t\t\t<div class=\"elementor-element elementor-element-8d79537 elementor-widget elementor-widget-heading\" data-id=\"8d79537\" data-element_type=\"widget\" data-e-type=\"widget\" data-widget_type=\"heading.default\">\n\t\t\t\t<div class=\"elementor-widget-container\">\n\t\t\t\t\t<h1 class=\"elementor-heading-title elementor-size-default\">Haftungsausschluss<\/h1>\t\t\t\t<\/div>\n\t\t\t\t<\/div>\n\t\t\t\t<div class=\"elementor-element elementor-element-bfdfb7e elementor-widget elementor-widget-text-editor\" data-id=\"bfdfb7e\" data-element_type=\"widget\" data-e-type=\"widget\" data-widget_type=\"text-editor.default\">\n\t\t\t\t<div class=\"elementor-widget-container\">\n\t\t\t\t\t\t\t\t\t<p>Mit dem Besuch dieser Website erkl\u00e4ren Sie sich mit der Anwendbarkeit dieses Haftungsausschlusses einverstanden.<\/p><p>Villa El Le\u00f3n Blanco SL firmiert unter dem Namen Holiday Homes Gran Canaria.<\/p><h2>Nutzung dieser Website<\/h2><p>Obwohl Holiday Homes Gran Canaria diese Website mit Sorgfalt zusammenstellt und pflegt, kann Holiday Homes Gran Canaria nicht f\u00fcr die Vollst\u00e4ndigkeit, Richtigkeit und Aktualit\u00e4t der bereitgestellten Informationen garantieren. Holiday Homes Gran Canaria kann auch nicht garantieren, dass die Website ohne Fehler oder Unterbrechungen funktioniert.<br \/>Informationen von Dritten<\/p><p>Wenn Holiday Homes Gran Canaria auf Websites Dritter verweist, bedeutet dies nicht, dass Holiday Homes Gran Canaria die auf oder \u00fcber diese Websites angebotenen Produkte oder Dienstleistungen empfiehlt. Holiday Homes Gran Canaria ist nicht verantwortlich oder haftbar f\u00fcr den Inhalt, die Verf\u00fcgbarkeit oder die Nutzung dieser Websites. Der Besuch der genannten Links erfolgt auf eigene Gefahr.<\/p><h2>Verwendung von Informationen<\/h2><p>Alle geistigen Eigentumsrechte und sonstigen Rechte in Bezug auf die Informationen auf dieser Website d\u00fcrfen ohne vorherige Genehmigung nicht kopiert, heruntergeladen oder in irgendeiner Weise zu kommerziellen Zwecken offengelegt, verbreitet oder vervielf\u00e4ltigt werden.<\/p><h2>\u00c4nderungen<\/h2><p>Holiday Homes Gran Canaria beh\u00e4lt sich das Recht vor, die Informationen auf dieser Website jederzeit zu \u00e4ndern. Eine vorherige Ank\u00fcndigung ist daf\u00fcr nicht erforderlich. Es obliegt daher dem Kunden, alles regelm\u00e4\u00dfig zu lesen: die Allgemeinen Gesch\u00e4ftsbedingungen, die Datenschutz- und Cookie-Richtlinie sowie andere Dokumente und Inhalte k\u00f6nnen sich \u00e4ndern.<\/p><h2>Verantwortungsvolle Offenlegung<\/h2><p>Trotz sorgf\u00e4ltiger Sicherheitsvorkehrungen ist es m\u00f6glich, dass eine Schwachstelle in unserem System vorhanden ist. Wenn Sie ein solches Problem bemerken, sind Sie verpflichtet, es uns so schnell wie m\u00f6glich zu melden. Sie k\u00f6nnen dies tun, indem Sie eine E-Mail an Holiday Homes Gran Canaria senden, die dies so schnell wie m\u00f6glich an die IT-Abteilung weiterleiten wird. Wenn Sie eine Schwachstelle feststellen, d\u00fcrfen Sie diese nicht missbrauchen,<br \/>zum Beispiel durch:<br \/>- Nehmen Sie \u00c4nderungen am System vor.<br \/>- Entsendung von Malware.<br \/>- Zugang zu unserem System haben und\/oder den Zugang mit anderen teilen.<br \/>- Kopieren, \u00c4ndern oder L\u00f6schen von Systemdaten oder -konfigurationen (sowie Auflistung von Verzeichnissen oder Erstellen von Screenshots).<\/p>\t\t\t\t\t\t\t\t<\/div>\n\t\t\t\t<\/div>\n\t\t\t\t\t<\/div>\n\t\t\t\t<\/div>\n\t\t\t\t<\/div>","protected":false},"excerpt":{"rendered":"<p>Disclaimer Door deze website te bezoeken stemt u in met de toepasselijkheid van deze disclaimer. Villa El Le\u00f3n Blanco SL handelt onder de naam Holiday Homes Gran Canaria. Gebruik van deze website Hoewel Holiday Homes Gran Canaria deze website met zorg samenstelt en onderhoudt, kan Holiday Homes Gran Canaria niet instaan voor de volledigheid, juistheid [&hellip;]<\/p>\n","protected":false},"author":2,"featured_media":0,"parent":0,"menu_order":0,"comment_status":"closed","ping_status":"closed","template":"","meta":{"_acf_changed":false,"_seopress_robots_primary_cat":"","_seopress_titles_title":"","_seopress_titles_desc":"","_seopress_robots_index":"","iawp_total_views":91,"footnotes":""},"class_list":["post-1732","page","type-page","status-publish","hentry"],"acf":[],"_links":{"self":[{"href":"https:\/\/holidayhomes-grancanaria.com\/de\/wp-json\/wp\/v2\/pages\/1732","targetHints":{"allow":["GET"]}}],"collection":[{"href":"https:\/\/holidayhomes-grancanaria.com\/de\/wp-json\/wp\/v2\/pages"}],"about":[{"href":"https:\/\/holidayhomes-grancanaria.com\/de\/wp-json\/wp\/v2\/types\/page"}],"author":[{"embeddable":true,"href":"https:\/\/holidayhomes-grancanaria.com\/de\/wp-json\/wp\/v2\/users\/2"}],"replies":[{"embeddable":true,"href":"https:\/\/holidayhomes-grancanaria.com\/de\/wp-json\/wp\/v2\/comments?post=1732"}],"version-history":[{"count":4,"href":"https:\/\/holidayhomes-grancanaria.com\/de\/wp-json\/wp\/v2\/pages\/1732\/revisions"}],"predecessor-version":[{"id":1736,"href":"https:\/\/holidayhomes-grancanaria.com\/de\/wp-json\/wp\/v2\/pages\/1732\/revisions\/1736"}],"wp:attachment":[{"href":"https:\/\/holidayhomes-grancanaria.com\/de\/wp-json\/wp\/v2\/media?parent=1732"}],"curies":[{"name":"wp","href":"https:\/\/api.w.org\/{rel}","templated":true}]}}