{"id":29,"date":"2024-06-17T10:44:17","date_gmt":"2024-06-17T08:44:17","guid":{"rendered":"https:\/\/holiday-gran-canaria.instawp.xyz\/?page_id=29"},"modified":"2024-06-24T16:01:11","modified_gmt":"2024-06-24T14:01:11","slug":"datenschutz","status":"publish","type":"page","link":"https:\/\/holidayhomes-grancanaria.com\/de\/privacy\/","title":{"rendered":"Datenschutz"},"content":{"rendered":"<div data-elementor-type=\"wp-page\" data-elementor-id=\"29\" class=\"elementor elementor-29\" data-elementor-post-type=\"page\">\n\t\t\t\t<div class=\"elementor-element elementor-element-0025c3d e-flex e-con-boxed e-con e-parent\" data-id=\"0025c3d\" data-element_type=\"container\" data-e-type=\"container\">\n\t\t\t\t\t<div class=\"e-con-inner\">\n\t\t\t\t<div class=\"elementor-element elementor-element-1224e2c elementor-widget elementor-widget-heading\" data-id=\"1224e2c\" data-element_type=\"widget\" data-e-type=\"widget\" data-widget_type=\"heading.default\">\n\t\t\t\t<div class=\"elementor-widget-container\">\n\t\t\t\t\t<h1 class=\"elementor-heading-title elementor-size-default\">Datenschutzbestimmungen<\/h1>\t\t\t\t<\/div>\n\t\t\t\t<\/div>\n\t\t\t\t<div class=\"elementor-element elementor-element-487574b elementor-widget elementor-widget-text-editor\" data-id=\"487574b\" data-element_type=\"widget\" data-e-type=\"widget\" data-widget_type=\"text-editor.default\">\n\t\t\t\t<div class=\"elementor-widget-container\">\n\t\t\t\t\t\t\t\t\t<p><em>Diese Seite wurde zuletzt am 24\/06\/2024 ge\u00e4ndert.<\/em><\/p><p>Wir sind uns bewusst, dass Sie uns Ihr Vertrauen schenken. Wir sehen es daher als unsere Verantwortung an, Ihre Privatsph\u00e4re zu sch\u00fctzen.<br \/>Auf dieser Seite erfahren Sie, welche Daten wir sammeln, wenn Sie unsere Website nutzen, warum wir diese Daten sammeln und wie wir sie verwenden, um Ihr Nutzererlebnis zu verbessern. So verstehen Sie genau, wie wir arbeiten.<br \/>Diese Datenschutzrichtlinie gilt f\u00fcr die Dienstleistungen von Holiday Homes Gran Canaria. Sie sollten sich bewusst sein, dass Holiday Homes Gran Canaria nicht f\u00fcr die Datenschutzpraktiken anderer Websites und Ressourcen verantwortlich ist.<br \/>Durch die Nutzung dieser Website erkl\u00e4ren Sie sich mit den Datenschutzbestimmungen einverstanden. Holiday Homes Gran Canaria respektiert die Privatsph\u00e4re aller Nutzer seiner Website und stellt sicher, dass die pers\u00f6nlichen Daten, die Sie uns zur Verf\u00fcgung stellen, vertraulich behandelt werden.<\/p><h2>Unsere Verwendung der gesammelten Daten<\/h2><p>Wenn Sie sich f\u00fcr einen unserer Dienste anmelden, bitten wir Sie um die Angabe pers\u00f6nlicher Daten. Diese Daten werden verwendet, um die Dienstleistung zu erbringen. Die Daten werden auf den eigenen sicheren Servern von Holiday Homes Gran Canaria oder denen eines Dritten gespeichert.<br \/>Wir werden diese Daten nicht mit anderen personenbezogenen Daten in unserem Besitz kombinieren. Kommunikation Wenn Sie uns E-Mails oder andere Nachrichten senden, k\u00f6nnen wir diese Nachrichten aufbewahren.<br \/>Manchmal werden wir Sie um Ihre pers\u00f6nlichen Daten bitten, die f\u00fcr die jeweilige Situation relevant sind. Dies erm\u00f6glicht es uns, Ihre Anfragen zu bearbeiten und Ihre W\u00fcnsche zu erf\u00fcllen. Die Daten werden auf den eigenen sicheren Servern von Holiday Homes Gran Canaria oder auf denen eines Dritten gespeichert.<br \/>Wir sammeln Daten zu Forschungszwecken, um unsere Besucher besser zu verstehen, damit wir unsere Dienstleistungen besser auf die Bed\u00fcrfnisse und Anforderungen unserer Kunden und Kontakte im Allgemeinen abstimmen k\u00f6nnen.<br \/>Diese Website verwendet \"Cookies\" (Textdateien, die auf Ihrem Computer gespeichert werden), um zu analysieren, wie die Benutzer die Website nutzen. Die durch den Cookie erzeugten Informationen \u00fcber Ihre Nutzung der Website k\u00f6nnen an die eigenen sicheren Server von Holiday Homes Gran Canaria oder an die eines Dritten \u00fcbertragen werden.<br \/>Wir verwenden diese Informationen, um zu verfolgen, wie Sie die Website nutzen, um Berichte \u00fcber die Website-Aktivit\u00e4ten zu erstellen und um weitere mit der Website-Aktivit\u00e4t und der Internetnutzung verbundene Dienstleistungen anzubieten.<\/p><h2>Verwendungszwecke<\/h2><p>Wir sammeln oder verwenden keine Informationen f\u00fcr andere als die in dieser Datenschutzrichtlinie beschriebenen Zwecke, es sei denn, wir haben Ihre vorherige Zustimmung eingeholt.<\/p><h2>Dritte Parteien<\/h2><p>Die Informationen werden nicht an Dritte weitergegeben. In einigen F\u00e4llen k\u00f6nnen die Informationen intern weitergegeben werden. Unsere Mitarbeiter sind verpflichtet, die Vertraulichkeit Ihrer Daten zu wahren.<br \/>Wir verwenden Cookies, die von einer Javascript-Datei von Google Analytics generiert werden, um Holiday Homes Gran Canaria mit statistischen Daten \u00fcber die Besucher der Website und ihr Surfverhalten zu versorgen. Weitere Informationen dazu finden Sie auf dieser Seite mit Informationen zum Datenschutz.<\/p><h2>\u00c4nderungen<\/h2><p>Diese Datenschutzerkl\u00e4rung ist auf die Nutzung und die Funktionen dieser Website zugeschnitten. Jegliche Anpassungen und\/oder \u00c4nderungen an dieser Website k\u00f6nnen zu \u00c4nderungen an dieser Datenschutzerkl\u00e4rung f\u00fchren. Es ist daher ratsam, diese Datenschutzerkl\u00e4rung regelm\u00e4\u00dfig zu lesen.<\/p><h2>Wahlm\u00f6glichkeiten f\u00fcr personenbezogene Daten<\/h2><p>Wir bieten allen Besuchern die M\u00f6glichkeit, die uns zur Verf\u00fcgung gestellten pers\u00f6nlichen Daten einzusehen, zu \u00e4ndern oder zu l\u00f6schen. Newsletter-Service anpassen\/abbestellen Am Ende jedes (E-)Mailings finden Sie die M\u00f6glichkeit, Ihre Daten anzupassen oder sich abzumelden. Kommunikation anpassen\/abbestellen Wenn Sie Ihre Daten anpassen oder aus unseren Dateien l\u00f6schen lassen m\u00f6chten, wenden Sie sich bitte an uns. Siehe Kontaktangaben unten.<\/p><h2>Cookies deaktivieren<\/h2><p>Die meisten Browser sind so eingestellt, dass sie Cookies standardm\u00e4\u00dfig akzeptieren, aber Sie k\u00f6nnen Ihren Browser so einstellen, dass er alle Cookies ablehnt oder anzeigt, wenn ein Cookie gesendet wird. Allerdings k\u00f6nnen einige Funktionen und Dienste auf unserer und anderen Websites nicht richtig funktionieren, wenn Cookies in Ihrem Browser deaktiviert sind.<\/p><h2>Fragen und Feedback<\/h2><p>Wir \u00fcberpr\u00fcfen regelm\u00e4\u00dfig die Einhaltung dieser Datenschutzrichtlinie. Wenn Sie Fragen zu dieser Datenschutzrichtlinie haben, kontaktieren Sie uns bitte<\/p>\t\t\t\t\t\t\t\t<\/div>\n\t\t\t\t<\/div>\n\t\t\t\t<div class=\"elementor-element elementor-element-d5938da elementor-align-start elementor-icon-list--layout-traditional elementor-list-item-link-full_width elementor-widget elementor-widget-icon-list\" data-id=\"d5938da\" data-element_type=\"widget\" data-e-type=\"widget\" data-widget_type=\"icon-list.default\">\n\t\t\t\t<div class=\"elementor-widget-container\">\n\t\t\t\t\t\t\t<ul class=\"elementor-icon-list-items\">\n\t\t\t\t\t\t\t<li class=\"elementor-icon-list-item\">\n\t\t\t\t\t\t\t\t\t\t\t<span class=\"elementor-icon-list-icon\">\n\t\t\t\t\t\t\t<svg xmlns=\"http:\/\/www.w3.org\/2000\/svg\" viewbox=\"0 0 384 512\"><path d=\"M215.7 499.2C267 435 384 279.4 384 192C384 86 298 0 192 0S0 86 0 192c0 87.4 117 243 168.3 307.2c12.3 15.3 35.1 15.3 47.4 0zM192 128a64 64 0 1 1 0 128 64 64 0 1 1 0-128z\"><\/path><\/svg>\t\t\t\t\t\t<\/span>\n\t\t\t\t\t\t\t\t\t\t<span class=\"elementor-icon-list-text\">C. Puccini 3, 35109 Maspalomas - Monte Le\u00f3n<\/span>\n\t\t\t\t\t\t\t\t\t<\/li>\n\t\t\t\t\t\t\t\t<li class=\"elementor-icon-list-item\">\n\t\t\t\t\t\t\t\t\t\t\t<a href=\"http:\/\/+34%20699%2004%2096%2038\" target=\"_blank\">\n\n\t\t\t\t\t\t\t\t\t\t\t\t<span class=\"elementor-icon-list-icon\">\n\t\t\t\t\t\t\t<svg xmlns=\"http:\/\/www.w3.org\/2000\/svg\" viewbox=\"0 0 512 512\"><path d=\"M164.9 24.6c-7.7-18.6-28-28.5-47.4-23.2l-88 24C12.1 30.2 0 46 0 64C0 311.4 200.6 512 448 512c18 0 33.8-12.1 38.6-29.5l24-88c5.3-19.4-4.6-39.7-23.2-47.4l-96-40c-16.3-6.8-35.2-2.1-46.3 11.6L304.7 368C234.3 334.7 177.3 277.7 144 207.3L193.3 167c13.7-11.2 18.4-30 11.6-46.3l-40-96z\"><\/path><\/svg>\t\t\t\t\t\t<\/span>\n\t\t\t\t\t\t\t\t\t\t<span class=\"elementor-icon-list-text\">+34 699 04 96 38<\/span>\n\t\t\t\t\t\t\t\t\t\t\t<\/a>\n\t\t\t\t\t\t\t\t\t<\/li>\n\t\t\t\t\t\t\t\t<li class=\"elementor-icon-list-item\">\n\t\t\t\t\t\t\t\t\t\t\t<a href=\"mailto:info@holidayhomes-grancanaria.com\" target=\"_blank\">\n\n\t\t\t\t\t\t\t\t\t\t\t\t<span class=\"elementor-icon-list-icon\">\n\t\t\t\t\t\t\t<svg xmlns=\"http:\/\/www.w3.org\/2000\/svg\" viewbox=\"0 0 512 512\"><path d=\"M48 64C21.5 64 0 85.5 0 112c0 15.1 7.1 29.3 19.2 38.4L236.8 313.6c11.4 8.5 27 8.5 38.4 0L492.8 150.4c12.1-9.1 19.2-23.3 19.2-38.4c0-26.5-21.5-48-48-48H48zM0 176V384c0 35.3 28.7 64 64 64H448c35.3 0 64-28.7 64-64V176L294.4 339.2c-22.8 17.1-54 17.1-76.8 0L0 176z\"><\/path><\/svg>\t\t\t\t\t\t<\/span>\n\t\t\t\t\t\t\t\t\t\t<span class=\"elementor-icon-list-text\">info@holidayhomes-grancanaria.com<\/span>\n\t\t\t\t\t\t\t\t\t\t\t<\/a>\n\t\t\t\t\t\t\t\t\t<\/li>\n\t\t\t\t\t\t\t\t<li class=\"elementor-icon-list-item\">\n\t\t\t\t\t\t\t\t\t\t\t<span class=\"elementor-icon-list-icon\">\n\t\t\t\t\t\t\t<svg xmlns=\"http:\/\/www.w3.org\/2000\/svg\" viewbox=\"0 0 448 512\"><path d=\"M160 0H288c35.3 0 64 28.7 64 64V256H96V64c0-35.3 28.7-64 64-64zM64 160v64c0 17.7-14.3 32-32 32s-32-14.3-32-32V160c0-17.7 14.3-32 32-32s32 14.3 32 32zm384 0v64c0 17.7-14.3 32-32 32s-32-14.3-32-32V160c0-17.7 14.3-32 32-32s32 14.3 32 32zM51.4 305.7C56.8 294.8 67.9 288 80 288H368c12.1 0 23.2 6.8 28.6 17.7l16 32c5 9.9 4.4 21.7-1.4 31.1s-16.1 15.2-27.2 15.2H256v64h32c17.7 0 32 14.3 32 32s-14.3 32-32 32H224 160c-17.7 0-32-14.3-32-32s14.3-32 32-32h32V384H64c-11.1 0-21.4-5.7-27.2-15.2s-6.4-21.2-1.4-31.1l16-32z\"><\/path><\/svg>\t\t\t\t\t\t<\/span>\n\t\t\t\t\t\t\t\t\t\t<span class=\"elementor-icon-list-text\">B76351717<\/span>\n\t\t\t\t\t\t\t\t\t<\/li>\n\t\t\t\t\t\t\t\t<li class=\"elementor-icon-list-item\">\n\t\t\t\t\t\t\t\t\t\t\t<span class=\"elementor-icon-list-icon\">\n\t\t\t\t\t\t\t<svg xmlns=\"http:\/\/www.w3.org\/2000\/svg\" viewbox=\"0 0 576 512\"><path d=\"M346.3 271.8l-60.1-21.9L214 448H32 0v64H32 544h32V448H544 282.1l64.1-176.2zm121.1-.2l-3.3 9.1 101.7 37c20.7-90.4-9.7-183.3-75.2-244.3c2 8 3.2 16.3 3.4 24.8l.2 6c1.8 57-7.3 113.8-26.8 167.4zM462 99.1c-1.1-34.4-22.5-64.8-54.4-77.4c-.9-.4-1.9-.7-2.8-1.1c-33-11.7-69.8-2.4-93.1 23.8l-4 4.5C272.4 88.3 245 134.2 226.8 184l-3.3 9.1L434 269.7l3.3-9.1c18.1-49.8 26.6-102.5 24.9-155.5l-.2-6zM88.4 143.9l105 38.2 3.3-9.1c19.5-53.6 49.1-103 87.1-145.5l4-4.5c6.2-6.9 13.1-13 20.5-18.2C217 7.7 131.5 59.7 88.4 143.9z\"><\/path><\/svg>\t\t\t\t\t\t<\/span>\n\t\t\t\t\t\t\t\t\t\t<span class=\"elementor-icon-list-text\">VV 2019-T2092<\/span>\n\t\t\t\t\t\t\t\t\t<\/li>\n\t\t\t\t\t\t<\/ul>\n\t\t\t\t\t\t<\/div>\n\t\t\t\t<\/div>\n\t\t\t\t\t<\/div>\n\t\t\t\t<\/div>\n\t\t\t\t<\/div>","protected":false},"excerpt":{"rendered":"<p>Privacybeleid Deze pagina is voor het laatst aangepast op 24\/06\/2024. Wij zijn er van bewust dat u vertrouwen stelt in ons. Wij zien het dan ook als onze verantwoordelijkheid om uw privacy te beschermen.Op deze pagina laten we u weten welke gegevens we verzamelen als u onze website gebruikt, waarom we deze gegevens verzamelen en [&hellip;]<\/p>\n","protected":false},"author":1,"featured_media":0,"parent":0,"menu_order":0,"comment_status":"closed","ping_status":"closed","template":"","meta":{"_acf_changed":false,"_seopress_robots_primary_cat":"","_seopress_titles_title":"","_seopress_titles_desc":"","_seopress_robots_index":"","iawp_total_views":47,"footnotes":""},"class_list":["post-29","page","type-page","status-publish","hentry"],"acf":[],"_links":{"self":[{"href":"https:\/\/holidayhomes-grancanaria.com\/de\/wp-json\/wp\/v2\/pages\/29","targetHints":{"allow":["GET"]}}],"collection":[{"href":"https:\/\/holidayhomes-grancanaria.com\/de\/wp-json\/wp\/v2\/pages"}],"about":[{"href":"https:\/\/holidayhomes-grancanaria.com\/de\/wp-json\/wp\/v2\/types\/page"}],"author":[{"embeddable":true,"href":"https:\/\/holidayhomes-grancanaria.com\/de\/wp-json\/wp\/v2\/users\/1"}],"replies":[{"embeddable":true,"href":"https:\/\/holidayhomes-grancanaria.com\/de\/wp-json\/wp\/v2\/comments?post=29"}],"version-history":[{"count":10,"href":"https:\/\/holidayhomes-grancanaria.com\/de\/wp-json\/wp\/v2\/pages\/29\/revisions"}],"predecessor-version":[{"id":1335,"href":"https:\/\/holidayhomes-grancanaria.com\/de\/wp-json\/wp\/v2\/pages\/29\/revisions\/1335"}],"wp:attachment":[{"href":"https:\/\/holidayhomes-grancanaria.com\/de\/wp-json\/wp\/v2\/media?parent=29"}],"curies":[{"name":"wp","href":"https:\/\/api.w.org\/{rel}","templated":true}]}}