{"id":31,"date":"2024-06-17T10:44:38","date_gmt":"2024-06-17T08:44:38","guid":{"rendered":"https:\/\/holiday-gran-canaria.instawp.xyz\/?page_id=31"},"modified":"2024-07-08T09:34:17","modified_gmt":"2024-07-08T07:34:17","slug":"mietbedingungen","status":"publish","type":"page","link":"https:\/\/holidayhomes-grancanaria.com\/de\/huurvoorwaarden\/","title":{"rendered":"Mietbedingungen"},"content":{"rendered":"<div data-elementor-type=\"wp-page\" data-elementor-id=\"31\" class=\"elementor elementor-31\" data-elementor-post-type=\"page\">\n\t\t\t\t<div class=\"elementor-element elementor-element-7a58e59 e-flex e-con-boxed e-con e-parent\" data-id=\"7a58e59\" data-element_type=\"container\" data-e-type=\"container\">\n\t\t\t\t\t<div class=\"e-con-inner\">\n\t\t\t\t<div class=\"elementor-element elementor-element-de20526 elementor-widget elementor-widget-heading\" data-id=\"de20526\" data-element_type=\"widget\" data-e-type=\"widget\" data-widget_type=\"heading.default\">\n\t\t\t\t<div class=\"elementor-widget-container\">\n\t\t\t\t\t<h1 class=\"elementor-heading-title elementor-size-default\">Mietbedingungen<\/h1>\t\t\t\t<\/div>\n\t\t\t\t<\/div>\n\t\t\t\t<div class=\"elementor-element elementor-element-2068ae7 elementor-widget elementor-widget-text-editor\" data-id=\"2068ae7\" data-element_type=\"widget\" data-e-type=\"widget\" data-widget_type=\"text-editor.default\">\n\t\t\t\t<div class=\"elementor-widget-container\">\n\t\t\t\t\t\t\t\t\t<p>Diese Bedingungen gelten f\u00fcr Villa El Le\u00f3n Blanco SL mit der Firmennummer B76351717, die unter dem Handelsnamen Holiday Homes Gran Canaria firmiert. Die Zulassungsnummer der Villa ElLe\u00f3n Blanco ist 2019-T2092.<\/p><h2>Definitionen<\/h2><p>1. Holiday Homes Gran Canaria ist der Vermieter.<br \/>2. Der Gast ist die Person, die die Reservierung vorgenommen hat. Er ist f\u00fcr seine Mitg\u00e4ste verantwortlich. Der Gast ist 18 Jahre alt oder \u00e4lter.<br \/>3. Die gemeinsamen Bereiche sind der Garten, der Parkplatz, das Schwimmbad und die Bereiche um sie herum.<\/p><h2>Mietvertrag<\/h2><p>Wenn der Gast eine Unterkunft bei Holiday Homes Gran Canaria gebucht hat, hat er das Angebot angenommen und der Vertrag ist in Kraft. Sollte sich herausstellen, dass eine oder mehrere Klauseln dieser allgemeinen Bedingungen nichtig oder anfechtbar sind, bleiben die \u00fcbrigen allgemeinen Bedingungen in Kraft. In diesem Fall werden die Klauseln durch neue Klauseln ersetzt.<\/p><h2>G\u00fcltigkeit<\/h2><p>Holiday Homes Gran Canaria kann nicht f\u00fcr seine Angebote haftbar gemacht werden, wenn der Gast vern\u00fcnftigerweise nachvollziehen kann, dass die Angebote oder Teile davon einen offensichtlichen Fehler oder Versprecher enthalten. Angebote und O\ufb00ertes sind, wenn nicht anders angegeben, 7 Tage lang g\u00fcltig. Holiday Homes Gran Canaria ist nur dann an die o\ufb00erte gebunden, wenn die Annahme der o\ufb00erte durch den Kunden innerhalb von 7 Tagen schriftlich best\u00e4tigt wird. Reservierungen, in welcher Form auch immer, und die in Ver\u00f6ffentlichungen von Holiday Homes Gran Canaria enthaltenen Informationen sind v\u00f6llig unverbindlich und widerruflich. Nach Annahme ist Holiday Homes Gran Canaria berechtigt, die o\ufb00erte innerhalb von drei Werktagen nach Eingang der Annahme beim Gast zu widerrufen.<\/p><h2>Reservierungen<\/h2><p>Reservierungen k\u00f6nnen \u00fcber unsere Website oder per Post vorgenommen werden.<\/p><h2>Nur f\u00fcr Erwachsene<\/h2><p>Das Mindestalter f\u00fcr unsere G\u00e4ste betr\u00e4gt 18 Jahre. Ausnahmen k\u00f6nnen im gegenseitigen Einvernehmen und mit schriftlicher Zustimmung des Vermieters beantragt werden.<\/p><h2>Untervermietung und Zweck<\/h2><p>Eine Untervermietung oder Weitervermietung ist nicht zul\u00e4ssig.<br \/>Das gemietete Objekt ist ein Ferienhaus und kann nicht f\u00fcr andere Zwecke genutzt werden.<\/p><h2>Zahlung<\/h2><p>Die Reservierung ist erst dann endg\u00fcltig, wenn die Zahlung innerhalb von 5 Kalendertagen erfolgt ist, danach verf\u00e4llt die Reservierung automatisch.<\/p><h2>Annullierungen<\/h2><p>Die G\u00e4ste k\u00f6nnen bis zu 30 Tage vor dem Check-in stornieren. Sie haben dann Anspruch auf eine R\u00fcckerstattung von 50% der Reservierung. Bei einer Stornierung innerhalb von 30 Tagen vor dem Check-in wird der volle Betrag der Reservierung an Holiday Homes Gran Canaria f\u00e4llig.<\/p><h2>Einchecken\/Auschecken<\/h2><p>Die G\u00e4ste k\u00f6nnen ab 15 Uhr einchecken. Im Falle einer versp\u00e4teten Ankunft ist der Schl\u00fcssel \u00fcber einen Schl\u00fcsselkasten erh\u00e4ltlich.<br \/>Die Abreise der G\u00e4ste sollte bis sp\u00e4testens 11 Uhr erfolgen.<\/p><h2>Haftung<\/h2><p>Der Gast ist verpflichtet, das Mietobjekt pfleglich zu behandeln und haftet f\u00fcr Sch\u00e4den, die er oder seine Mitg\u00e4ste verursachen.<\/p><h2>Haustiere<\/h2><p>Haustiere sind nicht erlaubt<\/p><h2>Rauchen<\/h2><p>Innerhalb des Anwesens und in den Gemeinschaftsbereichen, wie am und um den Pool und im Garten, ist das Rauchen nicht gestattet.<\/p><h2>Haftung<\/h2><p>Der Vermieter haftet nicht f\u00fcr eventuelle Unf\u00e4lle, Sch\u00e4den oder Verletzungen jeglicher Art, auch nicht f\u00fcr Diebstahl oder Einbr\u00fcche im Ferienhaus.<\/p><h2>Maximale Anzahl von Personen<\/h2><p>Es d\u00fcrfen sich nicht mehr Personen im Ferienhaus aufhalten, als Sie gebucht haben. Besucher d\u00fcrfen sich auf ihrer eigenen Terrasse aufhalten, aber nicht in den Gemeinschaftsr\u00e4umen, dem Schwimmbad oder den umliegenden Bereichen. Die Anzahl der Besucher ist auf 2 Erwachsene begrenzt. Kinder sind nicht erlaubt. Der Vermieter hat das Recht, den Mietvertrag sofort und ohne R\u00fcckerstattung zu k\u00fcndigen, wenn dies nicht eingehalten wird.<\/p><h2>Leinen<\/h2><p>Die Bettw\u00e4sche wird jede Woche gewechselt. Bei einem Aufenthalt von mehr als 7 N\u00e4chten stellt Ihnen der Vermieter jede Woche frische Bettw\u00e4sche zur Verf\u00fcgung. Handt\u00fccher und Badet\u00fccher f\u00fcr die Sonnenliegen werden gro\u00dfz\u00fcgig f\u00fcr jeden Gast bereitgestellt.<\/p><h2>Hausordnung<\/h2><p>Bei der Ankunft erh\u00e4lt jeder Gast die Hausordnung. Der wichtigste Punkt darin ist der Respekt f\u00fcr andere G\u00e4ste, keine laute Musik in Ihrem gemieteten Haus oder auf Ihrer privaten Terrasse, noch in den Gemeinschaftsr\u00e4umen. Laute Aktivit\u00e4ten und private Partys sind nicht erlaubt. Das Schwimmbad ist zwischen 10:00 und 18:00 Uhr zug\u00e4nglich.<\/p><h2>Geistiges Eigentum<\/h2><p>Holiday Homes Gran Canaria bleibt Inhaber und Eigent\u00fcmer der Rechte an der Marke, den Modellen, dem Markennamen, dem Hausstil, den eigenen Fotos, dem Inhalt usw. Ohne die schriftliche Zustimmung von Holiday Homes Gran Canaria d\u00fcrfen die vorgenannten Werke nicht kopiert, \u00fcbersetzt oder Dritten zur Verf\u00fcgung gestellt, zur Einsichtnahme bereitgestellt oder zu kommerziellen Zwecken ver\u00f6ffentlicht werden. Die Nichteinhaltung dieser Bedingungen zum Schutz des geistigen Eigentums wird mit einer Geldstrafe in H\u00f6he von 5000,00 \u20ac (f\u00fcnftausend Euro) pro Tag und pro Versto\u00df geahndet, die ohne Vorank\u00fcndigung zu zahlen ist.<\/p><h2>Beschwerdeverfahren<\/h2><p>Wenn der Gast Beschwerden \u00fcber die durchgef\u00fchrten Arbeiten hat, muss er Holiday Homes Gran Canaria innerhalb von 7 Kalendertagen per Einschreiben an die Adresse Calle Puccini 3 35100 Maspalomas, Spanien, informieren. Nach Erhalt einer Beschwerde wird Holiday Homes Gran Canaria innerhalb von 30 Kalendertagen mit einer angemessenen L\u00f6sung reagieren. Holiday Homes Gran Canaria kann sich an eine Schlichtungsstelle wenden. Eine Schlichtungsstelle wird immer zuerst eingeschaltet, bevor eine der Parteien ein Gericht anruft.<\/p><h2>Gericht<\/h2><p>Sollte sich die Beilegung von Streitigkeiten als unzureichend erweisen, fallen alle Streitigkeiten bez\u00fcglich der Auslegung, G\u00fcltigkeit oder Ausf\u00fchrung des vorliegenden Vertrages ausdr\u00fccklich in die Zust\u00e4ndigkeit der Gerichte des Gerichtsbezirks. Holiday Homes Gran Canaria beh\u00e4lt sich das Recht vor, ein Verfahren im Gerichtsbezirk des Wohnsitzes oder des Sitzes des Gastes anzustrengen.<\/p><h2>GDPR<\/h2><p>Mit der Annahme der Vereinbarung best\u00e4tigt der Gast, dass er die Verarbeitungsvereinbarung, die Datenschutz- und Cookie-Richtlinie und den Haftungsausschluss gelesen und akzeptiert hat. Diese sind integraler Bestandteil der Gesch\u00e4ftsbedingungen und gelten als akzeptiert. Die Dokumente k\u00f6nnen unter holidayhomes-grancanaria.com\/legal eingesehen werden. Bei der Ausf\u00fchrung einer vom Gast beantragten \u00dcbermittlung vertraulicher oder nicht vertraulicher (personenbezogener) Daten im Rahmen der GDPR stellt Holiday Homes Gran Canaria dem Gast angemessene Kosten in Rechnung. Diese m\u00fcssen vor Erhalt der Daten bezahlt werden.<\/p>\t\t\t\t\t\t\t\t<\/div>\n\t\t\t\t<\/div>\n\t\t\t\t\t<\/div>\n\t\t\t\t<\/div>\n\t\t\t\t<\/div>","protected":false},"excerpt":{"rendered":"<p>Huurvoorwaarden Deze voorwaarden zijn van toepassing voor Villa El Le\u00f3n Blanco SL met ondernemingsnummer B76351717 handelend onder de commerci\u00eble naam Holiday Homes Gran Canaria. Het erkenningsnummer van Villa ElLe\u00f3n Blanco is 2019-T2092. Definities 1. Holiday Homes Gran Canaria is de verhuurder.2. De gast is de persoon die de reservering heeft geplaatst. Hij is verantwoordelijk voor [&hellip;]<\/p>\n","protected":false},"author":1,"featured_media":0,"parent":0,"menu_order":0,"comment_status":"closed","ping_status":"closed","template":"","meta":{"_acf_changed":false,"_seopress_robots_primary_cat":"","_seopress_titles_title":"","_seopress_titles_desc":"","_seopress_robots_index":"","iawp_total_views":54,"footnotes":""},"class_list":["post-31","page","type-page","status-publish","hentry"],"acf":[],"_links":{"self":[{"href":"https:\/\/holidayhomes-grancanaria.com\/de\/wp-json\/wp\/v2\/pages\/31","targetHints":{"allow":["GET"]}}],"collection":[{"href":"https:\/\/holidayhomes-grancanaria.com\/de\/wp-json\/wp\/v2\/pages"}],"about":[{"href":"https:\/\/holidayhomes-grancanaria.com\/de\/wp-json\/wp\/v2\/types\/page"}],"author":[{"embeddable":true,"href":"https:\/\/holidayhomes-grancanaria.com\/de\/wp-json\/wp\/v2\/users\/1"}],"replies":[{"embeddable":true,"href":"https:\/\/holidayhomes-grancanaria.com\/de\/wp-json\/wp\/v2\/comments?post=31"}],"version-history":[{"count":8,"href":"https:\/\/holidayhomes-grancanaria.com\/de\/wp-json\/wp\/v2\/pages\/31\/revisions"}],"predecessor-version":[{"id":1731,"href":"https:\/\/holidayhomes-grancanaria.com\/de\/wp-json\/wp\/v2\/pages\/31\/revisions\/1731"}],"wp:attachment":[{"href":"https:\/\/holidayhomes-grancanaria.com\/de\/wp-json\/wp\/v2\/media?parent=31"}],"curies":[{"name":"wp","href":"https:\/\/api.w.org\/{rel}","templated":true}]}}