{"id":31,"date":"2024-06-17T10:44:38","date_gmt":"2024-06-17T08:44:38","guid":{"rendered":"https:\/\/holiday-gran-canaria.instawp.xyz\/?page_id=31"},"modified":"2024-07-08T09:34:17","modified_gmt":"2024-07-08T07:34:17","slug":"rental-conditions","status":"publish","type":"page","link":"https:\/\/holidayhomes-grancanaria.com\/en\/huurvoorwaarden\/","title":{"rendered":"Rental conditions"},"content":{"rendered":"<div data-elementor-type=\"wp-page\" data-elementor-id=\"31\" class=\"elementor elementor-31\" data-elementor-post-type=\"page\">\n\t\t\t\t<div class=\"elementor-element elementor-element-7a58e59 e-flex e-con-boxed e-con e-parent\" data-id=\"7a58e59\" data-element_type=\"container\" data-e-type=\"container\">\n\t\t\t\t\t<div class=\"e-con-inner\">\n\t\t\t\t<div class=\"elementor-element elementor-element-de20526 elementor-widget elementor-widget-heading\" data-id=\"de20526\" data-element_type=\"widget\" data-e-type=\"widget\" data-widget_type=\"heading.default\">\n\t\t\t\t<div class=\"elementor-widget-container\">\n\t\t\t\t\t<h1 class=\"elementor-heading-title elementor-size-default\">Rental conditions<\/h1>\t\t\t\t<\/div>\n\t\t\t\t<\/div>\n\t\t\t\t<div class=\"elementor-element elementor-element-2068ae7 elementor-widget elementor-widget-text-editor\" data-id=\"2068ae7\" data-element_type=\"widget\" data-e-type=\"widget\" data-widget_type=\"text-editor.default\">\n\t\t\t\t<div class=\"elementor-widget-container\">\n\t\t\t\t\t\t\t\t\t<p>These terms and conditions apply to Villa El Le\u00f3n Blanco SL with company number B76351717 trading under the commercial name Holiday Homes Gran Canaria. The approval number of Villa ElLe\u00f3n Blanco is 2019-T2092.<\/p><h2>Definitions<\/h2><p>1. Holiday Homes Gran Canaria is the landlord.<br \/>2. The guest is the person who placed the reservation. He is responsible for his fellow guests. The guest is 18 years of age or older.<br \/>3. The common areas are the garden, the parking lot, the swimming pool and the areas around it.<\/p><h2>Rental agreement<\/h2><p>When the guest has booked an accommodation with Holiday Homes Gran Canaria, he has accepted the offer and the agreement is in force. If it is found that one or more clauses in these general conditions are void or voidable, the rest of the general conditions shall remain in force. In this case the clauses will be replaced by new clauses.<\/p><h2>Validity<\/h2><p>Holiday Homes Gran Canaria cannot be held to its o\ufb00ertes or offers if the guest can reasonably understand that the o\ufb00ertes or offers, or any part thereof, contain an obvious mistake or slip of the pen. Offers and o\ufb00ertes are valid for 7 days, unless otherwise specified. Holiday Homes Gran Canaria is only bound to the o\ufb00erte if the acceptance of the o\ufb00erte by the client is confirmed in writing within 7 days. The reservations, in whatever form they are made, and the information contained in publications of Holiday Homes Gran Canaria are entirely without obligation and revocable. After acceptance, Holiday Homes Gran Canaria has the right to revoke the o\ufb00erte within three working days after receipt of the acceptance by the guest.<\/p><h2>Reservations<\/h2><p>Reservations can be made through our website or by mail.<\/p><h2>Adults only<\/h2><p>The minimum age of our guests is 18 years. Exceptions may be requested by mutual agreement and with the written consent of the landlord.<\/p><h2>Subletting and purpose<\/h2><p>Subletting or reletting is not permitted.<br \/>The rental property is a vacation home and cannot be used for other purposes.<\/p><h2>Payment<\/h2><p>The reservation made is final only with payment within 5 calendar days, after that the reservation automatically expires.<\/p><h2>Cancellations<\/h2><p>Guests can cancel up to 30 days before check-in. They will then be entitled to a refund of 50% of the reservation. If cancellations are made within 30 days prior to check-in, the full amount of the reservation is due to Holiday Homes Gran Canaria.<\/p><h2>Check in\/out<\/h2><p>Check in by guests can be done from 3 p.m. In case of late arrival, the key is available through a key box.<br \/>Check out by guests should be no later than 11 am.<\/p><h2>Liability<\/h2><p>The guest must take care of the rented property with due respect and he is responsible for the damage he or his fellow guests cause.<\/p><h2>Pets<\/h2><p>Pets are not allowed<\/p><h2>Smoking<\/h2><p>Inside the house and common areas, such as at and around the pool and in the garden, smoking is not allowed.<\/p><h2>Liability<\/h2><p>The landlord is not liable for possible accidents, damages or injuries of any kind, nor for theft or burglary in the vacation rental.<\/p><h2>Maximum number of people<\/h2><p>No more people may stay in the vacation rental than you have reserved. Visitors are allowed on their own private terrace but not in the common areas, swimming pool or surrounding areas. The number of visitors is limited to 2 adults. Children are not allowed. The landlord has the right to cancel the rental agreement immediately, without any refund, if this is not respected.<\/p><h2>Linen<\/h2><p>Every week the bedding is changed. If you stay more than 7 nights, the landlord will provide you with fresh sheets every week. Towels and bath towels for sunbeds are generously provided for each guest.<\/p><h2>House Rules<\/h2><p>Upon arrival, each guest receives the house rules. The main point in this is respect for the other guests, no loud music in your rented accommodation or on your private terrace, nor in the common areas. Noisy activities and private parties are not allowed. The swimming pool is accessible between 10:00 am and 6:00 pm.<\/p><h2>Intellectual property<\/h2><p>Holiday Homes Gran Canaria remains holder and owner of the rights to the brand, models, trade name, corporate identity, photographs, content, etc. Without written permission from Holiday Homes Gran Canaria the aforementioned works may not be copied or translated, nor given to third parties, made available for inspection or published for commercial purposes. Failure to comply with these conditions regarding intellectual property shall subject the Guest to a fine of \u20ac5000.00 (five thousand euros) per day and per violation, payable without notice.<\/p><h2>Complaint Procedure<\/h2><p>If the guest has any complaints about the work done, they must notify Holiday Homes Gran Canaria within 7 calendar days by registered mail to Calle Puccini 3 35100 Maspalomas, Spain. After receiving a complaint, Holiday Homes Gran Canaria will respond within 30 calendar days with an appropriate solution. Holiday Homes Gran Canaria can refer to a dispute body. A dispute body is always used first before either party applies to the courts.<\/p><h2>Court<\/h2><p>If the settlement of disputes proves to be insufficient, all disputes concerning the interpretation, validity or execution of the present agreement shall expressly belong to the jurisdiction of the courts of the judicial district. Holiday Homes Gran Canaria reserves the right to bring a case in the judicial district of the residence or registered office of the guest.<\/p><h2>GDPR<\/h2><p>By accepting the agreement, the guest acknowledges having read and agreed to the processing agreement, privacy and cookie policy and disclaimer. These are an integral part of the terms and conditions and are considered accepted. The documents can be found at holidayhomes-grancanaria.com\/legal. When carrying out a delivery requested by the guest, whether or not confidential (personal) data under the GDPR, Holiday Homes Gran Canaria will charge the guest reasonable costs for this. These must be paid before receipt of the data.<\/p>\t\t\t\t\t\t\t\t<\/div>\n\t\t\t\t<\/div>\n\t\t\t\t\t<\/div>\n\t\t\t\t<\/div>\n\t\t\t\t<\/div>","protected":false},"excerpt":{"rendered":"<p>Huurvoorwaarden Deze voorwaarden zijn van toepassing voor Villa El Le\u00f3n Blanco SL met ondernemingsnummer B76351717 handelend onder de commerci\u00eble naam Holiday Homes Gran Canaria. Het erkenningsnummer van Villa ElLe\u00f3n Blanco is 2019-T2092. Definities 1. Holiday Homes Gran Canaria is de verhuurder.2. De gast is de persoon die de reservering heeft geplaatst. Hij is verantwoordelijk voor [&hellip;]<\/p>\n","protected":false},"author":1,"featured_media":0,"parent":0,"menu_order":0,"comment_status":"closed","ping_status":"closed","template":"","meta":{"_acf_changed":false,"_seopress_robots_primary_cat":"","_seopress_titles_title":"","_seopress_titles_desc":"","_seopress_robots_index":"","iawp_total_views":58,"footnotes":""},"class_list":["post-31","page","type-page","status-publish","hentry"],"acf":[],"_links":{"self":[{"href":"https:\/\/holidayhomes-grancanaria.com\/en\/wp-json\/wp\/v2\/pages\/31","targetHints":{"allow":["GET"]}}],"collection":[{"href":"https:\/\/holidayhomes-grancanaria.com\/en\/wp-json\/wp\/v2\/pages"}],"about":[{"href":"https:\/\/holidayhomes-grancanaria.com\/en\/wp-json\/wp\/v2\/types\/page"}],"author":[{"embeddable":true,"href":"https:\/\/holidayhomes-grancanaria.com\/en\/wp-json\/wp\/v2\/users\/1"}],"replies":[{"embeddable":true,"href":"https:\/\/holidayhomes-grancanaria.com\/en\/wp-json\/wp\/v2\/comments?post=31"}],"version-history":[{"count":8,"href":"https:\/\/holidayhomes-grancanaria.com\/en\/wp-json\/wp\/v2\/pages\/31\/revisions"}],"predecessor-version":[{"id":1731,"href":"https:\/\/holidayhomes-grancanaria.com\/en\/wp-json\/wp\/v2\/pages\/31\/revisions\/1731"}],"wp:attachment":[{"href":"https:\/\/holidayhomes-grancanaria.com\/en\/wp-json\/wp\/v2\/media?parent=31"}],"curies":[{"name":"wp","href":"https:\/\/api.w.org\/{rel}","templated":true}]}}