{"id":1732,"date":"2024-07-08T09:36:25","date_gmt":"2024-07-08T07:36:25","guid":{"rendered":"https:\/\/holiday-gran-canaria.instawp.xyz\/?page_id=1732"},"modified":"2024-07-08T09:39:27","modified_gmt":"2024-07-08T07:39:27","slug":"descargo-de-responsabilidad","status":"publish","type":"page","link":"https:\/\/holidayhomes-grancanaria.com\/es\/disclaimer\/","title":{"rendered":"Descargo de responsabilidad"},"content":{"rendered":"<div data-elementor-type=\"wp-page\" data-elementor-id=\"1732\" class=\"elementor elementor-1732\" data-elementor-post-type=\"page\">\n\t\t\t\t<div class=\"elementor-element elementor-element-c472af6 e-flex e-con-boxed e-con e-parent\" data-id=\"c472af6\" data-element_type=\"container\" data-e-type=\"container\">\n\t\t\t\t\t<div class=\"e-con-inner\">\n\t\t\t\t<div class=\"elementor-element elementor-element-8d79537 elementor-widget elementor-widget-heading\" data-id=\"8d79537\" data-element_type=\"widget\" data-e-type=\"widget\" data-widget_type=\"heading.default\">\n\t\t\t\t<div class=\"elementor-widget-container\">\n\t\t\t\t\t<h1 class=\"elementor-heading-title elementor-size-default\">Descargo de responsabilidad<\/h1>\t\t\t\t<\/div>\n\t\t\t\t<\/div>\n\t\t\t\t<div class=\"elementor-element elementor-element-bfdfb7e elementor-widget elementor-widget-text-editor\" data-id=\"bfdfb7e\" data-element_type=\"widget\" data-e-type=\"widget\" data-widget_type=\"text-editor.default\">\n\t\t\t\t<div class=\"elementor-widget-container\">\n\t\t\t\t\t\t\t\t\t<p>Al visitar este sitio web, usted acepta la aplicabilidad de esta cl\u00e1usula de exenci\u00f3n de responsabilidad.<\/p><p>Villa El Le\u00f3n Blanco SL opera bajo el nombre Holiday Homes Gran Canaria.<\/p><h2>Utilizar este sitio web<\/h2><p>Aunque Holiday Homes Gran Canaria recopila y mantiene este sitio web con cuidado, Holiday Homes Gran Canaria no puede garantizar la integridad, exactitud y actualidad de la informaci\u00f3n proporcionada. Holiday Homes Gran Canaria tampoco puede garantizar un funcionamiento impecable o ininterrumpido del sitio web.<br \/>Informaci\u00f3n de terceros<\/p><p>Cuando Holiday Homes Gran Canaria hace referencia a sitios web de terceros, esto no significa que Holiday Homes Gran Canaria recomiende los productos o servicios ofrecidos en o a trav\u00e9s de estos sitios web. Holiday Homes Gran Canaria no es responsable del contenido, disponibilidad o uso de estos sitios web. Los enlaces a los que se hace referencia se visitan bajo su propia responsabilidad.<\/p><h2>Utilizar la informaci\u00f3n<\/h2><p>Todos los derechos de propiedad intelectual y de otro tipo relativos a la informaci\u00f3n de este sitio web no pueden copiarse, descargarse ni divulgarse, distribuirse o reproducirse en modo alguno con fines comerciales sin autorizaci\u00f3n previa.<\/p><h2>Cambios<\/h2><p>Holiday Homes Gran Canaria se reserva el derecho de cambiar la informaci\u00f3n de esta p\u00e1gina web en cualquier momento. Para ello no es necesario previo aviso. Por lo tanto, corresponde al cliente leer todo con regularidad: los t\u00e9rminos y condiciones, la pol\u00edtica de privacidad y de cookies y otros documentos y contenidos pueden cambiar.<\/p><h2>Divulgaci\u00f3n responsable<\/h2><p>A pesar de la cuidadosa seguridad, es posible que exista alg\u00fan punto d\u00e9bil en nuestro sistema. Si detecta un problema de este tipo, est\u00e1 obligado a comunic\u00e1rnoslo lo antes posible. Puede hacerlo enviando un correo electr\u00f3nico a Holiday Homes Gran Canaria, que lo transmitir\u00e1 al departamento de inform\u00e1tica lo antes posible. Si experimenta una vulnerabilidad, por favor, no abuse de ella,<br \/>por ejemplo mediante :<br \/>- Realiza cambios en el sistema.<br \/>- Posting malware.<br \/>- Acceder a nuestro sistema y\/o compartir el acceso con otras personas.<br \/>- Copiar, modificar o borrar datos o configuraciones del sistema (as\u00ed como listados de directorios o realizar capturas de pantalla).<\/p>\t\t\t\t\t\t\t\t<\/div>\n\t\t\t\t<\/div>\n\t\t\t\t\t<\/div>\n\t\t\t\t<\/div>\n\t\t\t\t<\/div>","protected":false},"excerpt":{"rendered":"<p>Disclaimer Door deze website te bezoeken stemt u in met de toepasselijkheid van deze disclaimer. Villa El Le\u00f3n Blanco SL handelt onder de naam Holiday Homes Gran Canaria. Gebruik van deze website Hoewel Holiday Homes Gran Canaria deze website met zorg samenstelt en onderhoudt, kan Holiday Homes Gran Canaria niet instaan voor de volledigheid, juistheid [&hellip;]<\/p>\n","protected":false},"author":2,"featured_media":0,"parent":0,"menu_order":0,"comment_status":"closed","ping_status":"closed","template":"","meta":{"_acf_changed":false,"_seopress_robots_primary_cat":"","_seopress_titles_title":"","_seopress_titles_desc":"","_seopress_robots_index":"","iawp_total_views":92,"footnotes":""},"class_list":["post-1732","page","type-page","status-publish","hentry"],"acf":[],"_links":{"self":[{"href":"https:\/\/holidayhomes-grancanaria.com\/es\/wp-json\/wp\/v2\/pages\/1732","targetHints":{"allow":["GET"]}}],"collection":[{"href":"https:\/\/holidayhomes-grancanaria.com\/es\/wp-json\/wp\/v2\/pages"}],"about":[{"href":"https:\/\/holidayhomes-grancanaria.com\/es\/wp-json\/wp\/v2\/types\/page"}],"author":[{"embeddable":true,"href":"https:\/\/holidayhomes-grancanaria.com\/es\/wp-json\/wp\/v2\/users\/2"}],"replies":[{"embeddable":true,"href":"https:\/\/holidayhomes-grancanaria.com\/es\/wp-json\/wp\/v2\/comments?post=1732"}],"version-history":[{"count":4,"href":"https:\/\/holidayhomes-grancanaria.com\/es\/wp-json\/wp\/v2\/pages\/1732\/revisions"}],"predecessor-version":[{"id":1736,"href":"https:\/\/holidayhomes-grancanaria.com\/es\/wp-json\/wp\/v2\/pages\/1732\/revisions\/1736"}],"wp:attachment":[{"href":"https:\/\/holidayhomes-grancanaria.com\/es\/wp-json\/wp\/v2\/media?parent=1732"}],"curies":[{"name":"wp","href":"https:\/\/api.w.org\/{rel}","templated":true}]}}