{"id":29,"date":"2024-06-17T10:44:17","date_gmt":"2024-06-17T08:44:17","guid":{"rendered":"https:\/\/holiday-gran-canaria.instawp.xyz\/?page_id=29"},"modified":"2024-06-24T16:01:11","modified_gmt":"2024-06-24T14:01:11","slug":"privacidad","status":"publish","type":"page","link":"https:\/\/holidayhomes-grancanaria.com\/es\/privacy\/","title":{"rendered":"Privacidad"},"content":{"rendered":"<div data-elementor-type=\"wp-page\" data-elementor-id=\"29\" class=\"elementor elementor-29\" data-elementor-post-type=\"page\">\n\t\t\t\t<div class=\"elementor-element elementor-element-0025c3d e-flex e-con-boxed e-con e-parent\" data-id=\"0025c3d\" data-element_type=\"container\" data-e-type=\"container\">\n\t\t\t\t\t<div class=\"e-con-inner\">\n\t\t\t\t<div class=\"elementor-element elementor-element-1224e2c elementor-widget elementor-widget-heading\" data-id=\"1224e2c\" data-element_type=\"widget\" data-e-type=\"widget\" data-widget_type=\"heading.default\">\n\t\t\t\t<div class=\"elementor-widget-container\">\n\t\t\t\t\t<h1 class=\"elementor-heading-title elementor-size-default\">Pol\u00edtica de privacidad<\/h1>\t\t\t\t<\/div>\n\t\t\t\t<\/div>\n\t\t\t\t<div class=\"elementor-element elementor-element-487574b elementor-widget elementor-widget-text-editor\" data-id=\"487574b\" data-element_type=\"widget\" data-e-type=\"widget\" data-widget_type=\"text-editor.default\">\n\t\t\t\t<div class=\"elementor-widget-container\">\n\t\t\t\t\t\t\t\t\t<p><em>Esta p\u00e1gina fue modificada por \u00faltima vez el 24\/06\/2024.<\/em><\/p><p>Somos conscientes de la confianza que deposita en nosotros. Por ello, consideramos que es nuestra responsabilidad proteger su privacidad.<br \/>En esta p\u00e1gina le informamos de los datos que recogemos cuando utiliza nuestro sitio web, por qu\u00e9 recogemos estos datos y c\u00f3mo los utilizamos para mejorar su experiencia de usuario. Para que entienda exactamente c\u00f3mo trabajamos.<br \/>Esta pol\u00edtica de privacidad se aplica a los servicios de Holiday Homes Gran Canaria. Debe saber que Holiday Homes Gran Canaria no es responsable de las pr\u00e1cticas de privacidad de otros sitios y recursos.<br \/>Al utilizar este sitio web, usted indica que acepta la pol\u00edtica de privacidad. Holiday Homes Gran Canaria respeta la privacidad de todos los usuarios de su sitio web y garantiza que la informaci\u00f3n personal que nos proporcione ser\u00e1 tratada de forma confidencial.<\/p><h2>Nuestro uso de los datos recogidos<\/h2><p>Cuando se suscribe a uno de nuestros servicios, le pedimos que nos facilite datos personales. Estos datos se utilizan para realizar el servicio. Los datos se almacenan en servidores seguros propios de Holiday Homes Gran Canaria o de terceros.<br \/>No combinaremos estos datos con otros datos personales que obren en nuestro poder. Comunicaciones Cuando nos env\u00ede correos electr\u00f3nicos u otros mensajes, podremos conservar dichos mensajes.<br \/>A veces le pediremos sus datos personales relacionados con la situaci\u00f3n en cuesti\u00f3n. Esto nos permite procesar sus consultas y responder a sus peticiones. Los datos se almacenan en servidores seguros propios de Holiday Homes Gran Canaria o de terceros.<br \/>Recogemos datos con fines de investigaci\u00f3n para conocer mejor a nuestros visitantes y poder adaptar mejor nuestros servicios a las necesidades y requisitos de nuestros clientes y contactos en general.<br \/>Este sitio web utiliza \"cookies\" (archivos de texto ubicados en su ordenador) para ayudar al sitio web a analizar el uso que hacen los usuarios del mismo. La informaci\u00f3n que genera la cookie acerca de su uso del website puede ser transferida a servidores seguros de Holiday Homes Gran Canaria o de terceros.<br \/>Utilizamos esta informaci\u00f3n para saber c\u00f3mo utiliza el sitio web, elaborar informes sobre la actividad del sitio web y ofrecer otros servicios relacionados con la actividad del sitio web y el uso de Internet.<\/p><h2>Prop\u00f3sitos<\/h2><p>No recopilamos ni utilizamos informaci\u00f3n para fines distintos de los descritos en esta pol\u00edtica de privacidad a menos que hayamos obtenido su consentimiento previo.<\/p><h2>Terceros<\/h2><p>La informaci\u00f3n no se comparte con terceros. En algunos casos, la informaci\u00f3n puede compartirse internamente. Nuestros empleados est\u00e1n obligados a respetar la confidencialidad de sus datos.<br \/>Utilizamos cookies generadas por un archivo javascript de Google Analytics, cuya finalidad es proporcionar a Holiday Homes Gran Canaria datos estad\u00edsticos sobre los visitantes del sitio web y su comportamiento de navegaci\u00f3n. Puede encontrar m\u00e1s informaci\u00f3n al respecto en esta p\u00e1gina de informaci\u00f3n sobre privacidad.<\/p><h2>Cambios<\/h2><p>Esta declaraci\u00f3n de privacidad est\u00e1 adaptada al uso y las caracter\u00edsticas de este sitio. Cualquier ajuste y\/o cambio en este sitio, puede dar lugar a cambios en esta declaraci\u00f3n de privacidad. Por lo tanto, es aconsejable consultar esta declaraci\u00f3n de privacidad con regularidad.<\/p><h2>Opciones para los datos personales<\/h2><p>Ofrecemos a todos los visitantes la oportunidad de ver, cambiar o borrar cualquier informaci\u00f3n personal que nos hayan proporcionado. Ajuste\/cancelaci\u00f3n de la suscripci\u00f3n al servicio de boletines En la parte inferior de cada (e)mailing encontrar\u00e1 la opci\u00f3n de ajustar sus datos o darse de baja. Adaptaci\u00f3n\/cancelaci\u00f3n de la suscripci\u00f3n Si desea adaptar sus datos o darse de baja de nuestros ficheros, p\u00f3ngase en contacto con nosotros. Consulte los datos de contacto m\u00e1s abajo.<\/p><h2>Desactivar cookies<\/h2><p>La mayor\u00eda de los navegadores est\u00e1n configurados para aceptar cookies por defecto, pero usted puede configurar su navegador para que rechace todas las cookies o para que le indique cu\u00e1ndo se env\u00eda una cookie. No obstante, es posible que algunas funciones y servicios, en nuestro sitio web y en otros, no funcionen correctamente si las cookies est\u00e1n desactivadas en su navegador.<\/p><h2>Preguntas y comentarios<\/h2><p>Comprobamos peri\u00f3dicamente el cumplimiento de esta pol\u00edtica de privacidad. Si tiene alguna pregunta sobre esta pol\u00edtica de privacidad, p\u00f3ngase en contacto con nosotros<\/p>\t\t\t\t\t\t\t\t<\/div>\n\t\t\t\t<\/div>\n\t\t\t\t<div class=\"elementor-element elementor-element-d5938da elementor-align-start elementor-icon-list--layout-traditional elementor-list-item-link-full_width elementor-widget elementor-widget-icon-list\" data-id=\"d5938da\" data-element_type=\"widget\" data-e-type=\"widget\" data-widget_type=\"icon-list.default\">\n\t\t\t\t<div class=\"elementor-widget-container\">\n\t\t\t\t\t\t\t<ul class=\"elementor-icon-list-items\">\n\t\t\t\t\t\t\t<li class=\"elementor-icon-list-item\">\n\t\t\t\t\t\t\t\t\t\t\t<span class=\"elementor-icon-list-icon\">\n\t\t\t\t\t\t\t<svg xmlns=\"http:\/\/www.w3.org\/2000\/svg\" viewbox=\"0 0 384 512\"><path d=\"M215.7 499.2C267 435 384 279.4 384 192C384 86 298 0 192 0S0 86 0 192c0 87.4 117 243 168.3 307.2c12.3 15.3 35.1 15.3 47.4 0zM192 128a64 64 0 1 1 0 128 64 64 0 1 1 0-128z\"><\/path><\/svg>\t\t\t\t\t\t<\/span>\n\t\t\t\t\t\t\t\t\t\t<span class=\"elementor-icon-list-text\">C. Puccini 3, 35109 Maspalomas - Monte Le\u00f3n<\/span>\n\t\t\t\t\t\t\t\t\t<\/li>\n\t\t\t\t\t\t\t\t<li class=\"elementor-icon-list-item\">\n\t\t\t\t\t\t\t\t\t\t\t<a href=\"http:\/\/+34%20699%2004%2096%2038\" target=\"_blank\">\n\n\t\t\t\t\t\t\t\t\t\t\t\t<span class=\"elementor-icon-list-icon\">\n\t\t\t\t\t\t\t<svg xmlns=\"http:\/\/www.w3.org\/2000\/svg\" viewbox=\"0 0 512 512\"><path d=\"M164.9 24.6c-7.7-18.6-28-28.5-47.4-23.2l-88 24C12.1 30.2 0 46 0 64C0 311.4 200.6 512 448 512c18 0 33.8-12.1 38.6-29.5l24-88c5.3-19.4-4.6-39.7-23.2-47.4l-96-40c-16.3-6.8-35.2-2.1-46.3 11.6L304.7 368C234.3 334.7 177.3 277.7 144 207.3L193.3 167c13.7-11.2 18.4-30 11.6-46.3l-40-96z\"><\/path><\/svg>\t\t\t\t\t\t<\/span>\n\t\t\t\t\t\t\t\t\t\t<span class=\"elementor-icon-list-text\">+34 699 04 96 38<\/span>\n\t\t\t\t\t\t\t\t\t\t\t<\/a>\n\t\t\t\t\t\t\t\t\t<\/li>\n\t\t\t\t\t\t\t\t<li class=\"elementor-icon-list-item\">\n\t\t\t\t\t\t\t\t\t\t\t<a href=\"mailto:info@holidayhomes-grancanaria.com\" target=\"_blank\">\n\n\t\t\t\t\t\t\t\t\t\t\t\t<span class=\"elementor-icon-list-icon\">\n\t\t\t\t\t\t\t<svg xmlns=\"http:\/\/www.w3.org\/2000\/svg\" viewbox=\"0 0 512 512\"><path d=\"M48 64C21.5 64 0 85.5 0 112c0 15.1 7.1 29.3 19.2 38.4L236.8 313.6c11.4 8.5 27 8.5 38.4 0L492.8 150.4c12.1-9.1 19.2-23.3 19.2-38.4c0-26.5-21.5-48-48-48H48zM0 176V384c0 35.3 28.7 64 64 64H448c35.3 0 64-28.7 64-64V176L294.4 339.2c-22.8 17.1-54 17.1-76.8 0L0 176z\"><\/path><\/svg>\t\t\t\t\t\t<\/span>\n\t\t\t\t\t\t\t\t\t\t<span class=\"elementor-icon-list-text\">info@holidayhomes-grancanaria.com<\/span>\n\t\t\t\t\t\t\t\t\t\t\t<\/a>\n\t\t\t\t\t\t\t\t\t<\/li>\n\t\t\t\t\t\t\t\t<li class=\"elementor-icon-list-item\">\n\t\t\t\t\t\t\t\t\t\t\t<span class=\"elementor-icon-list-icon\">\n\t\t\t\t\t\t\t<svg xmlns=\"http:\/\/www.w3.org\/2000\/svg\" viewbox=\"0 0 448 512\"><path d=\"M160 0H288c35.3 0 64 28.7 64 64V256H96V64c0-35.3 28.7-64 64-64zM64 160v64c0 17.7-14.3 32-32 32s-32-14.3-32-32V160c0-17.7 14.3-32 32-32s32 14.3 32 32zm384 0v64c0 17.7-14.3 32-32 32s-32-14.3-32-32V160c0-17.7 14.3-32 32-32s32 14.3 32 32zM51.4 305.7C56.8 294.8 67.9 288 80 288H368c12.1 0 23.2 6.8 28.6 17.7l16 32c5 9.9 4.4 21.7-1.4 31.1s-16.1 15.2-27.2 15.2H256v64h32c17.7 0 32 14.3 32 32s-14.3 32-32 32H224 160c-17.7 0-32-14.3-32-32s14.3-32 32-32h32V384H64c-11.1 0-21.4-5.7-27.2-15.2s-6.4-21.2-1.4-31.1l16-32z\"><\/path><\/svg>\t\t\t\t\t\t<\/span>\n\t\t\t\t\t\t\t\t\t\t<span class=\"elementor-icon-list-text\">B76351717<\/span>\n\t\t\t\t\t\t\t\t\t<\/li>\n\t\t\t\t\t\t\t\t<li class=\"elementor-icon-list-item\">\n\t\t\t\t\t\t\t\t\t\t\t<span class=\"elementor-icon-list-icon\">\n\t\t\t\t\t\t\t<svg xmlns=\"http:\/\/www.w3.org\/2000\/svg\" viewbox=\"0 0 576 512\"><path d=\"M346.3 271.8l-60.1-21.9L214 448H32 0v64H32 544h32V448H544 282.1l64.1-176.2zm121.1-.2l-3.3 9.1 101.7 37c20.7-90.4-9.7-183.3-75.2-244.3c2 8 3.2 16.3 3.4 24.8l.2 6c1.8 57-7.3 113.8-26.8 167.4zM462 99.1c-1.1-34.4-22.5-64.8-54.4-77.4c-.9-.4-1.9-.7-2.8-1.1c-33-11.7-69.8-2.4-93.1 23.8l-4 4.5C272.4 88.3 245 134.2 226.8 184l-3.3 9.1L434 269.7l3.3-9.1c18.1-49.8 26.6-102.5 24.9-155.5l-.2-6zM88.4 143.9l105 38.2 3.3-9.1c19.5-53.6 49.1-103 87.1-145.5l4-4.5c6.2-6.9 13.1-13 20.5-18.2C217 7.7 131.5 59.7 88.4 143.9z\"><\/path><\/svg>\t\t\t\t\t\t<\/span>\n\t\t\t\t\t\t\t\t\t\t<span class=\"elementor-icon-list-text\">VV 2019-T2092<\/span>\n\t\t\t\t\t\t\t\t\t<\/li>\n\t\t\t\t\t\t<\/ul>\n\t\t\t\t\t\t<\/div>\n\t\t\t\t<\/div>\n\t\t\t\t\t<\/div>\n\t\t\t\t<\/div>\n\t\t\t\t<\/div>","protected":false},"excerpt":{"rendered":"<p>Privacybeleid Deze pagina is voor het laatst aangepast op 24\/06\/2024. Wij zijn er van bewust dat u vertrouwen stelt in ons. Wij zien het dan ook als onze verantwoordelijkheid om uw privacy te beschermen.Op deze pagina laten we u weten welke gegevens we verzamelen als u onze website gebruikt, waarom we deze gegevens verzamelen en [&hellip;]<\/p>\n","protected":false},"author":1,"featured_media":0,"parent":0,"menu_order":0,"comment_status":"closed","ping_status":"closed","template":"","meta":{"_acf_changed":false,"_seopress_robots_primary_cat":"","_seopress_titles_title":"","_seopress_titles_desc":"","_seopress_robots_index":"","iawp_total_views":47,"footnotes":""},"class_list":["post-29","page","type-page","status-publish","hentry"],"acf":[],"_links":{"self":[{"href":"https:\/\/holidayhomes-grancanaria.com\/es\/wp-json\/wp\/v2\/pages\/29","targetHints":{"allow":["GET"]}}],"collection":[{"href":"https:\/\/holidayhomes-grancanaria.com\/es\/wp-json\/wp\/v2\/pages"}],"about":[{"href":"https:\/\/holidayhomes-grancanaria.com\/es\/wp-json\/wp\/v2\/types\/page"}],"author":[{"embeddable":true,"href":"https:\/\/holidayhomes-grancanaria.com\/es\/wp-json\/wp\/v2\/users\/1"}],"replies":[{"embeddable":true,"href":"https:\/\/holidayhomes-grancanaria.com\/es\/wp-json\/wp\/v2\/comments?post=29"}],"version-history":[{"count":10,"href":"https:\/\/holidayhomes-grancanaria.com\/es\/wp-json\/wp\/v2\/pages\/29\/revisions"}],"predecessor-version":[{"id":1335,"href":"https:\/\/holidayhomes-grancanaria.com\/es\/wp-json\/wp\/v2\/pages\/29\/revisions\/1335"}],"wp:attachment":[{"href":"https:\/\/holidayhomes-grancanaria.com\/es\/wp-json\/wp\/v2\/media?parent=29"}],"curies":[{"name":"wp","href":"https:\/\/api.w.org\/{rel}","templated":true}]}}