{"id":31,"date":"2024-06-17T10:44:38","date_gmt":"2024-06-17T08:44:38","guid":{"rendered":"https:\/\/holiday-gran-canaria.instawp.xyz\/?page_id=31"},"modified":"2024-07-08T09:34:17","modified_gmt":"2024-07-08T07:34:17","slug":"condiciones-de-alquiler","status":"publish","type":"page","link":"https:\/\/holidayhomes-grancanaria.com\/es\/huurvoorwaarden\/","title":{"rendered":"Condiciones de alquiler"},"content":{"rendered":"<div data-elementor-type=\"wp-page\" data-elementor-id=\"31\" class=\"elementor elementor-31\" data-elementor-post-type=\"page\">\n\t\t\t\t<div class=\"elementor-element elementor-element-7a58e59 e-flex e-con-boxed e-con e-parent\" data-id=\"7a58e59\" data-element_type=\"container\" data-e-type=\"container\">\n\t\t\t\t\t<div class=\"e-con-inner\">\n\t\t\t\t<div class=\"elementor-element elementor-element-de20526 elementor-widget elementor-widget-heading\" data-id=\"de20526\" data-element_type=\"widget\" data-e-type=\"widget\" data-widget_type=\"heading.default\">\n\t\t\t\t<div class=\"elementor-widget-container\">\n\t\t\t\t\t<h1 class=\"elementor-heading-title elementor-size-default\">Condiciones de alquiler<\/h1>\t\t\t\t<\/div>\n\t\t\t\t<\/div>\n\t\t\t\t<div class=\"elementor-element elementor-element-2068ae7 elementor-widget elementor-widget-text-editor\" data-id=\"2068ae7\" data-element_type=\"widget\" data-e-type=\"widget\" data-widget_type=\"text-editor.default\">\n\t\t\t\t<div class=\"elementor-widget-container\">\n\t\t\t\t\t\t\t\t\t<p>Estos t\u00e9rminos y condiciones se aplican a Villa El Le\u00f3n Blanco SL con n\u00famero de empresa B76351717 que opera bajo el nombre comercial Holiday Homes Gran Canaria. El n\u00famero de aprobaci\u00f3n de Villa ElLe\u00f3n Blanco es 2019-T2092.<\/p><h2>Definiciones<\/h2><p>1. Holiday Homes Gran Canaria es el propietario.<br \/>2. El hu\u00e9sped es la persona que ha hecho la reserva. Es responsable de los dem\u00e1s hu\u00e9spedes. El hu\u00e9sped es mayor de 18 a\u00f1os.<br \/>3. Las zonas comunes son el jard\u00edn, el aparcamiento, la piscina y los alrededores.<\/p><h2>Contrato de alquiler<\/h2><p>Cuando el hu\u00e9sped ha reservado alojamiento con Holiday Homes Gran Canaria, ha aceptado la oferta y el acuerdo est\u00e1 en vigor. Si se determina que una o m\u00e1s cl\u00e1usulas de estas condiciones generales son nulas o anulables, el resto de las condiciones generales permanecer\u00e1n en vigor. En este caso las cl\u00e1usulas ser\u00e1n sustituidas por nuevas cl\u00e1usulas.<\/p><h2>Validez<\/h2><p>Holiday Homes Gran Canaria no se hace responsable de sus o\ufb00ertes u ofertas si el hu\u00e9sped puede entender razonablemente que las o\ufb00ertes u ofertas, o cualquier parte de las mismas, contienen un error evidente o un lapsus. Las ofertas y o\ufb00ertes son v\u00e1lidas durante 7 d\u00edas, a menos que se indique lo contrario. Holiday Homes Gran Canaria s\u00f3lo est\u00e1 vinculada a la o\ufb00erte si la aceptaci\u00f3n de la o\ufb00erte por parte del cliente se confirma por escrito en un plazo de 7 d\u00edas. Las reservas, cualquiera que sea la forma en que se realicen, y la informaci\u00f3n contenida en las publicaciones de Holiday Homes Gran Canaria son totalmente sin compromiso y revocables. Tras la aceptaci\u00f3n, Holiday Homes Gran Canaria tiene derecho a revocar la o\ufb00erte en el plazo de tres d\u00edas h\u00e1biles tras la recepci\u00f3n de la aceptaci\u00f3n por parte del hu\u00e9sped.<\/p><h2>Reservas<\/h2><p>Las reservas pueden hacerse a trav\u00e9s de nuestro sitio web o por correo.<\/p><h2>S\u00f3lo adultos<\/h2><p>La edad m\u00ednima de nuestros hu\u00e9spedes es de 18 a\u00f1os. Se pueden solicitar excepciones de mutuo acuerdo y con la conformidad por escrito del propietario.<\/p><h2>Subarriendo y finalidad<\/h2><p>No est\u00e1 permitido subarrendar ni realquilar.<br \/>El inmueble arrendado es una vivienda de vacaciones y no puede utilizarse para otros fines.<\/p><h2>Pago<\/h2><p>La reserva efectuada s\u00f3lo ser\u00e1 definitiva previo pago en un plazo de 5 d\u00edas naturales, transcurridos los cuales la reserva caducar\u00e1 autom\u00e1ticamente.<\/p><h2>Anulaciones<\/h2><p>Los hu\u00e9spedes pueden cancelar hasta 30 d\u00edas antes del check-in. En ese caso, tendr\u00e1n derecho al reembolso de 50% de la reserva. Si la cancelaci\u00f3n se produce dentro de los 30 d\u00edas anteriores a la entrada, Holiday Homes Gran Canaria deber\u00e1 abonar el importe total de la reserva.<\/p><h2>Registro de entrada y salida<\/h2><p>Los hu\u00e9spedes pueden registrarse a partir de las 15.00 horas. En caso de llegada tard\u00eda, la llave est\u00e1 disponible a trav\u00e9s de una caja de llaves.<br \/>La salida de los hu\u00e9spedes no debe ser posterior a las 11 de la ma\u00f1ana.<\/p><h2>Responsabilidad<\/h2><p>El hu\u00e9sped debe cuidar la propiedad alquilada con el debido respeto y es responsable de cualquier da\u00f1o que \u00e9l o sus compa\u00f1eros causen.<\/p><h2>Mascotas<\/h2><p>No se admiten animales de compa\u00f1\u00eda<\/p><h2>Fumar<\/h2><p>No est\u00e1 permitido fumar en la propiedad ni en las zonas comunes, como la piscina y el jard\u00edn.<\/p><h2>Responsabilidad<\/h2><p>El arrendador no se hace responsable de posibles accidentes, da\u00f1os o lesiones de ning\u00fan tipo, ni de robos o allanamientos en la vivienda de vacaciones.<\/p><h2>N\u00famero m\u00e1ximo de personas<\/h2><p>No podr\u00e1n alojarse en la casa de vacaciones m\u00e1s personas de las que usted haya reservado. Se admiten visitas en su terraza privada, pero no en las zonas comunes, la piscina ni los alrededores. El n\u00famero de visitantes est\u00e1 limitado a 2 adultos. No se admiten ni\u00f1os. El propietario tiene derecho a rescindir inmediatamente el contrato de alquiler, sin derecho a reembolso, si no se respeta este punto.<\/p><h2>Lino<\/h2><p>La ropa de cama se cambia cada semana. Si se queda m\u00e1s de 7 noches, el propietario le proporcionar\u00e1 s\u00e1banas limpias cada semana. Toallas y toallas de ba\u00f1o para las tumbonas se proporcionan generosamente para cada hu\u00e9sped.<\/p><h2>Normas de la casa<\/h2><p>A su llegada, cada hu\u00e9sped recibir\u00e1 las normas de la casa. El punto principal es el respeto a los dem\u00e1s hu\u00e9spedes, nada de m\u00fasica alta en la vivienda alquilada o en su terraza privada, ni en las zonas comunes. No se permiten actividades ruidosas ni fiestas privadas. La piscina es accesible entre las 10:00 y las 18:00 horas.<\/p><h2>Propiedad intelectual<\/h2><p>Holiday Homes Gran Canaria sigue siendo titular y propietario de los derechos que recaen sobre la marca, los modelos, el nombre comercial, el estilo de la casa, las fotograf\u00edas propias, el contenido, etc. Sin el consentimiento por escrito de Holiday Homes Gran Canaria las obras mencionadas no podr\u00e1n ser copiadas, traducidas o puestas a disposici\u00f3n de terceros, puestas a disposici\u00f3n para su inspecci\u00f3n o publicadas con fines comerciales. El incumplimiento de estas condiciones de propiedad intelectual dar\u00e1 lugar a una multa de 5000,00 euros (cinco mil euros) por d\u00eda y por infracci\u00f3n, pagadera sin previo aviso.<\/p><h2>Procedimiento de reclamaci\u00f3n<\/h2><p>Si el hu\u00e9sped tiene alguna queja sobre el trabajo realizado, deber\u00e1 notificarlo a Holiday Homes Gran Canaria en un plazo de 7 d\u00edas naturales por correo certificado a Calle Puccini 3 35100 Maspalomas, Espa\u00f1a. Tras recibir una queja, Holiday Homes Gran Canaria responder\u00e1 en un plazo de 30 d\u00edas naturales con una soluci\u00f3n adecuada. Holiday Homes Gran Canaria puede remitirse a una autoridad de disputas. Siempre se recurre primero a una autoridad de disputas antes de que cualquiera de las partes recurra a los tribunales.<\/p><h2>Tribunal<\/h2><p>Si la soluci\u00f3n de controversias resulta insuficiente, todas las controversias relativas a la interpretaci\u00f3n, validez o ejecuci\u00f3n de este acuerdo pertenecer\u00e1n expl\u00edcitamente a la jurisdicci\u00f3n de los tribunales del distrito judicial. Holiday Homes Gran Canaria se reserva el derecho de presentar una demanda en el distrito judicial de la residencia o domicilio social del hu\u00e9sped.<\/p><h2>GDPR<\/h2><p>Al aceptar el acuerdo, el hu\u00e9sped reconoce haber le\u00eddo y aceptado el acuerdo de procesamiento, la pol\u00edtica de privacidad y cookies y el descargo de responsabilidad. Estos forman parte integrante de los t\u00e9rminos y condiciones y se consideran aceptados. Los documentos se pueden encontrar en holidayhomes-grancanaria.com\/legal. Al ejecutar una entrega solicitada por el hu\u00e9sped de datos confidenciales o no confidenciales (personales) en virtud del GDPR, Holiday Homes Gran Canaria cobrar\u00e1 al hu\u00e9sped costes razonables por ello. Estos deber\u00e1n abonarse antes de la recepci\u00f3n de los datos.<\/p>\t\t\t\t\t\t\t\t<\/div>\n\t\t\t\t<\/div>\n\t\t\t\t\t<\/div>\n\t\t\t\t<\/div>\n\t\t\t\t<\/div>","protected":false},"excerpt":{"rendered":"<p>Huurvoorwaarden Deze voorwaarden zijn van toepassing voor Villa El Le\u00f3n Blanco SL met ondernemingsnummer B76351717 handelend onder de commerci\u00eble naam Holiday Homes Gran Canaria. Het erkenningsnummer van Villa ElLe\u00f3n Blanco is 2019-T2092. Definities 1. Holiday Homes Gran Canaria is de verhuurder.2. De gast is de persoon die de reservering heeft geplaatst. Hij is verantwoordelijk voor [&hellip;]<\/p>\n","protected":false},"author":1,"featured_media":0,"parent":0,"menu_order":0,"comment_status":"closed","ping_status":"closed","template":"","meta":{"_acf_changed":false,"_seopress_robots_primary_cat":"","_seopress_titles_title":"","_seopress_titles_desc":"","_seopress_robots_index":"","iawp_total_views":60,"footnotes":""},"class_list":["post-31","page","type-page","status-publish","hentry"],"acf":[],"_links":{"self":[{"href":"https:\/\/holidayhomes-grancanaria.com\/es\/wp-json\/wp\/v2\/pages\/31","targetHints":{"allow":["GET"]}}],"collection":[{"href":"https:\/\/holidayhomes-grancanaria.com\/es\/wp-json\/wp\/v2\/pages"}],"about":[{"href":"https:\/\/holidayhomes-grancanaria.com\/es\/wp-json\/wp\/v2\/types\/page"}],"author":[{"embeddable":true,"href":"https:\/\/holidayhomes-grancanaria.com\/es\/wp-json\/wp\/v2\/users\/1"}],"replies":[{"embeddable":true,"href":"https:\/\/holidayhomes-grancanaria.com\/es\/wp-json\/wp\/v2\/comments?post=31"}],"version-history":[{"count":8,"href":"https:\/\/holidayhomes-grancanaria.com\/es\/wp-json\/wp\/v2\/pages\/31\/revisions"}],"predecessor-version":[{"id":1731,"href":"https:\/\/holidayhomes-grancanaria.com\/es\/wp-json\/wp\/v2\/pages\/31\/revisions\/1731"}],"wp:attachment":[{"href":"https:\/\/holidayhomes-grancanaria.com\/es\/wp-json\/wp\/v2\/media?parent=31"}],"curies":[{"name":"wp","href":"https:\/\/api.w.org\/{rel}","templated":true}]}}